{"id":16,"date":"2022-12-10T23:25:10","date_gmt":"2022-12-10T23:25:10","guid":{"rendered":"https:\/\/eskbilbaolimpiezavial.com\/?page_id=16"},"modified":"2023-02-01T13:47:26","modified_gmt":"2023-02-01T12:47:26","slug":"contacto","status":"publish","type":"page","link":"https:\/\/eskbilbaolimpiezavial.com\/index.php\/contacto\/","title":{"rendered":"Contacto"},"content":{"rendered":"\n<p>Pod\u00e9is contactarnos para vuestras dudas y preguntas por email a  <strong>Limpiezavialesk@gmail.com<\/strong>  ,Por tel\u00e9fono al numero de la secci\u00f3n sindical <strong>644397543<\/strong> o en persona con cualquiera de nosotros:<\/p>\n\n\n\n<p>Kiko,Josu,Etor,Manu,Azucena,Pedro Ozalla.<\/p>\n\n\n\n<p><strong>Notificaciones Por Email<\/strong><\/p>\n\n\n\n<div class=\"emaillist\" id=\"es_form_f1-n1\"><form action=\"\/index.php\/wp-json\/wp\/v2\/pages\/16#es_form_f1-n1\" method=\"post\" class=\"es_subscription_form es_shortcode_form  es_ajax_subscription_form\" id=\"es_subscription_form_69ee8c59e8ed3\" data-source=\"ig-es\" data-form-id=\"1\"><div class=\"es_caption\">Quieres estar al tanto de todo lo que ocurre en tu empresa? Rellena este formulario y te enviaremos las noticias directamente a tu email. Se el primero en enterarte, somos un sindicato diferente.<\/div><div class=\"es-field-wrap\"><label>Nombre y Apellidos*<br \/><input type=\"text\" name=\"esfpx_name\" class=\"ig_es_form_field_name\" placeholder=\"\" value=\"\" required=\"required\" \/><\/label><\/div><div class=\"es-field-wrap ig-es-form-field\"><label class=\"es-field-label\">Email*<br \/><input class=\"es_required_field es_txt_email ig_es_form_field_email ig-es-form-input\" type=\"email\" name=\"esfpx_email\" value=\"\" placeholder=\"\" required=\"required\" \/><\/label><\/div><input type=\"hidden\" name=\"esfpx_lists[]\" value=\"f80caad90ade\" \/><input type=\"hidden\" name=\"esfpx_lists[]\" value=\"4626715e68ce\" \/><input type=\"hidden\" name=\"esfpx_form_id\" value=\"1\" \/><input type=\"hidden\" name=\"es\" value=\"subscribe\" \/>\n\t\t\t<input type=\"hidden\" name=\"esfpx_es_form_identifier\" value=\"f1-n1\" \/>\n\t\t\t<input type=\"hidden\" name=\"esfpx_es_email_page\" value=\"16\" \/>\n\t\t\t<input type=\"hidden\" name=\"esfpx_es_email_page_url\" value=\"https:\/\/eskbilbaolimpiezavial.com\/index.php\/contacto\/\" \/>\n\t\t\t<input type=\"hidden\" name=\"esfpx_status\" value=\"Unconfirmed\" \/>\n\t\t\t<input type=\"hidden\" name=\"esfpx_es-subscribe\" id=\"es-subscribe-69ee8c59e8ed3\" value=\"f4948c0b71\" \/>\n\t\t\t<label style=\"position:absolute;top:-99999px;left:-99999px;z-index:-99;\" aria-hidden=\"true\"><span hidden>Por favor, deja este campo vac\u00edo.<\/span><input type=\"email\" name=\"esfpx_es_hp_email\" class=\"es_required_field\" tabindex=\"-1\" autocomplete=\"-1\" value=\"\" \/><\/label><label style=\"display: inline\"><input type=\"checkbox\" name=\"es_gdpr_consent\" value=\"true\" required=\"required\" \/>&nbsp; leer<a href=\"https:\/\/www.example.com\">terminos y conditions<\/a><\/label><br \/><input type=\"submit\" name=\"submit\" class=\"es_subscription_form_submit es_submit_button es_textbox_button\" id=\"es_subscription_form_submit_69ee8c59e8ed3\" value=\"Suscribete\" \/><span class=\"es_spinner_image\" id=\"spinner-image\"><img decoding=\"async\" src=\"https:\/\/eskbilbaolimpiezavial.com\/wp-content\/plugins\/email-subscribers\/lite\/public\/images\/spinner.gif\" alt=\"Loading\" \/><\/span><\/form><span class=\"es_subscription_message \" id=\"es_subscription_message_69ee8c59e8ed3\" role=\"alert\" aria-live=\"assertive\"><\/span><\/div>\n\n\n\n<p><\/p>\n\n\n\n<p><strong>Tel\u00e9fonos de contacto de la empresa<\/strong><\/p>\n\n\n\n<ul class=\"wp-block-list\">\n<li>Oficina\/Personal: 944762415<\/li>\n\n\n\n<li>Secretar\u00eda: 944146665<\/li>\n\n\n\n<li>Porter\u00eda: 944146661<\/li>\n<\/ul>\n\n\n\n<p><\/p>\n","protected":false},"excerpt":{"rendered":"<p>Pod\u00e9is contactarnos para vuestras dudas y preguntas por email a Limpiezavialesk@gmail.com ,Por tel\u00e9fono al numero de la secci\u00f3n sindical 644397543&hellip; <a class=\"read-more\" href=\"https:\/\/eskbilbaolimpiezavial.com\/index.php\/contacto\/\">Seguir leyendo<\/a><\/p>\n","protected":false},"author":1,"featured_media":0,"parent":0,"menu_order":0,"comment_status":"closed","ping_status":"closed","template":"","meta":{"footnotes":""},"class_list":["post-16","page","type-page","status-publish","hentry"],"post_mailing_queue_ids":[],"_links":{"self":[{"href":"https:\/\/eskbilbaolimpiezavial.com\/index.php\/wp-json\/wp\/v2\/pages\/16","targetHints":{"allow":["GET"]}}],"collection":[{"href":"https:\/\/eskbilbaolimpiezavial.com\/index.php\/wp-json\/wp\/v2\/pages"}],"about":[{"href":"https:\/\/eskbilbaolimpiezavial.com\/index.php\/wp-json\/wp\/v2\/types\/page"}],"author":[{"embeddable":true,"href":"https:\/\/eskbilbaolimpiezavial.com\/index.php\/wp-json\/wp\/v2\/users\/1"}],"replies":[{"embeddable":true,"href":"https:\/\/eskbilbaolimpiezavial.com\/index.php\/wp-json\/wp\/v2\/comments?post=16"}],"version-history":[{"count":16,"href":"https:\/\/eskbilbaolimpiezavial.com\/index.php\/wp-json\/wp\/v2\/pages\/16\/revisions"}],"predecessor-version":[{"id":406,"href":"https:\/\/eskbilbaolimpiezavial.com\/index.php\/wp-json\/wp\/v2\/pages\/16\/revisions\/406"}],"wp:attachment":[{"href":"https:\/\/eskbilbaolimpiezavial.com\/index.php\/wp-json\/wp\/v2\/media?parent=16"}],"curies":[{"name":"wp","href":"https:\/\/api.w.org\/{rel}","templated":true}]}}