{"id":15,"date":"2022-12-10T23:25:10","date_gmt":"2022-12-10T23:25:10","guid":{"rendered":"https:\/\/eskbilbaolimpiezavial.com\/?page_id=15"},"modified":"2023-01-02T18:33:49","modified_gmt":"2023-01-02T17:33:49","slug":"legislacion-formacion","status":"publish","type":"page","link":"https:\/\/eskbilbaolimpiezavial.com\/index.php\/legislacion-formacion\/","title":{"rendered":"Legislaci\u00f3n\/Formaci\u00f3n"},"content":{"rendered":"\n<p><\/p>\n\n\n\n<h2 class=\"wp-block-heading\">Convenio Colectivo<\/h2>\n\n\n\n<div data-wp-interactive=\"core\/file\" class=\"wp-block-file\"><object data-wp-bind--hidden=\"!state.hasPdfPreview\" hidden class=\"wp-block-file__embed\" data=\"https:\/\/eskbilbaolimpiezavial.com\/wp-content\/uploads\/2022\/12\/CONVENIO-UTE-RSU-BILBAO-II-2021-2024-2.pdf\" type=\"application\/pdf\" style=\"width:100%;height:770px\" aria-label=\"Incrustado de CONVENIO-UTE-RSU-BILBAO-II-2021-2024-2.\"><\/object><a id=\"wp-block-file--media-e1b478c4-0623-4ba2-b7bd-3c97f2b558a3\" href=\"https:\/\/eskbilbaolimpiezavial.com\/wp-content\/uploads\/2022\/12\/CONVENIO-UTE-RSU-BILBAO-II-2021-2024-2.pdf\">CONVENIO-UTE-RSU-BILBAO-II-2021-2024-2<\/a><a href=\"https:\/\/eskbilbaolimpiezavial.com\/wp-content\/uploads\/2022\/12\/CONVENIO-UTE-RSU-BILBAO-II-2021-2024-2.pdf\" class=\"wp-block-file__button wp-element-button\" download aria-describedby=\"wp-block-file--media-e1b478c4-0623-4ba2-b7bd-3c97f2b558a3\">Descarga<\/a><\/div>\n\n\n\n<p><strong>Tablas IRPF 2023<\/strong><\/p>\n\n\n\n<div data-wp-interactive=\"core\/file\" class=\"wp-block-file\"><object data-wp-bind--hidden=\"!state.hasPdfPreview\" hidden class=\"wp-block-file__embed\" data=\"https:\/\/eskbilbaolimpiezavial.com\/wp-content\/uploads\/2023\/01\/IRPF2023.pdf\" type=\"application\/pdf\" style=\"width:100%;height:640px\" aria-label=\"Incrustado de IRPF2023.\"><\/object><a id=\"wp-block-file--media-d1fb954c-4f94-44c3-a5fb-fd30d86375fe\" href=\"https:\/\/eskbilbaolimpiezavial.com\/wp-content\/uploads\/2023\/01\/IRPF2023.pdf\">IRPF2023<\/a><a href=\"https:\/\/eskbilbaolimpiezavial.com\/wp-content\/uploads\/2023\/01\/IRPF2023.pdf\" class=\"wp-block-file__button wp-element-button\" download aria-describedby=\"wp-block-file--media-d1fb954c-4f94-44c3-a5fb-fd30d86375fe\">Descarga<\/a><\/div>\n\n\n\n<h2 class=\"wp-block-heading\">Normativa b\u00e1sica<\/h2>\n\n\n\n<ul class=\"wp-block-list\">\n<li><strong>Normativa general<\/strong>\n<ul class=\"wp-block-list\">\n<li><a href=\"https:\/\/www.boe.es\/buscar\/pdf\/2015\/BOE-A-2015-11430-consolidado.pdf\" target=\"_blank\" rel=\"noreferrer noopener\">Estatuto de los trabajadores<\/a><\/li>\n\n\n\n<li><a href=\"https:\/\/www.boe.es\/boe\/dias\/2015\/10\/31\/pdfs\/BOE-A-2015-11724.pdf\" target=\"_blank\" rel=\"noreferrer noopener\">Ley General de la Seguridad Social<\/a><\/li>\n\n\n\n<li><a href=\"https:\/\/www.boe.es\/buscar\/pdf\/1995\/BOE-A-1995-24292-consolidado.pdf\" target=\"_blank\" rel=\"noreferrer noopener\">Ley de Prevenci\u00f3n de Riesgos Laborales<\/a><\/li>\n\n\n\n<li><a href=\"https:\/\/boe.es\/boe\/dias\/2007\/03\/23\/pdfs\/A12611-12645.pdf\" target=\"_blank\" rel=\"noreferrer noopener\">Ley para la igualdad efectiva de mujeres y hombres<\/a><\/li>\n\n\n\n<li><a href=\"https:\/\/boe.es\/buscar\/pdf\/1985\/BOE-A-1985-16660-consolidado.pdf\" target=\"_blank\" rel=\"noreferrer noopener\">Ley Org\u00e1nica de Libertad Sindical<\/a><\/li>\n\n\n\n<li><a href=\"https:\/\/www.boe.es\/buscar\/act.php?id=BOE-A-2000-15060\" target=\"_blank\" rel=\"noreferrer noopener\">Ley sobre Infracciones y Sanciones en el Orden Social<\/a><\/li>\n<\/ul>\n<\/li>\n\n\n\n<li><strong>Empleo p\u00fablico<\/strong><br>\n<ul class=\"wp-block-list\">\n<li>Normativa estatal\n<ul class=\"wp-block-list\">\n<li><a href=\"https:\/\/www.boe.es\/buscar\/act.php?id=BOE-A-2015-11719\" target=\"_blank\" rel=\"noreferrer noopener\">Estatuto B\u00e1sico del Empleado P\u00fablico<\/a><\/li>\n\n\n\n<li><a href=\"https:\/\/www.boe.es\/legislacion\/codigos\/codigo.php?id=3&amp;modo=1&amp;nota=0&amp;tab=2\" target=\"_blank\" rel=\"noreferrer noopener\">C\u00f3digo de la Funci\u00f3n P\u00fablica<\/a><\/li>\n<\/ul>\n<\/li>\n<\/ul>\n<\/li>\n<\/ul>\n\n\n\n<h2 class=\"wp-block-heading\">Otros documentos<\/h2>\n\n\n\n<ul class=\"wp-block-list\">\n<li><a href=\"https:\/\/www.esk.eus\/images\/ESKinforma\/2022\/reforma-laboral-2021.pdf\" target=\"_blank\" rel=\"noreferrer noopener\">Resumen de la reforma laboral LABORAL (RDL 32\/2021)<\/a><\/li>\n\n\n\n<li><a rel=\"noreferrer noopener\" href=\"https:\/\/www.esk.eus\/images\/legedia\/acceso-prestaciones-sociales-argilan.pdf\" target=\"_blank\">C\u00f3mo acceder a las prestaciones sociales.<\/a><\/li>\n\n\n\n<li><a href=\"https:\/\/www.esk.eus\/images\/legedia\/guia-negociacion-colectiva-negoziazio-kolektiboa-gida.pdf\" target=\"_blank\" rel=\"noreferrer noopener\">Gu\u00eda para la negociaci\u00f3n colectiva.<\/a><\/li>\n\n\n\n<li><a href=\"https:\/\/www.esk.eus\/images\/legedia\/Normativa-Mutuas-2014-sindicato-esk-sindikatua-mutuak.pdf\" target=\"_blank\" rel=\"noreferrer noopener\">Informe sobre las mutuas RD626\/2014.<\/a><\/li>\n\n\n\n<li><a href=\"https:\/\/www.esk.eus\/images\/galeria\/bestelakoak\/2021\/guia-plan-igualdad-berdintasun-plana-gida.pdf\">Gu\u00eda sobre planes de igualdad en empresas (RD 901\/2020)<\/a><\/li>\n<\/ul>\n\n\n\n<p><\/p>\n","protected":false},"excerpt":{"rendered":"<p>Convenio Colectivo Tablas IRPF 2023 Normativa b\u00e1sica Otros documentos<\/p>\n","protected":false},"author":1,"featured_media":0,"parent":0,"menu_order":0,"comment_status":"closed","ping_status":"closed","template":"","meta":{"footnotes":""},"class_list":["post-15","page","type-page","status-publish","hentry"],"post_mailing_queue_ids":[],"_links":{"self":[{"href":"https:\/\/eskbilbaolimpiezavial.com\/index.php\/wp-json\/wp\/v2\/pages\/15","targetHints":{"allow":["GET"]}}],"collection":[{"href":"https:\/\/eskbilbaolimpiezavial.com\/index.php\/wp-json\/wp\/v2\/pages"}],"about":[{"href":"https:\/\/eskbilbaolimpiezavial.com\/index.php\/wp-json\/wp\/v2\/types\/page"}],"author":[{"embeddable":true,"href":"https:\/\/eskbilbaolimpiezavial.com\/index.php\/wp-json\/wp\/v2\/users\/1"}],"replies":[{"embeddable":true,"href":"https:\/\/eskbilbaolimpiezavial.com\/index.php\/wp-json\/wp\/v2\/comments?post=15"}],"version-history":[{"count":7,"href":"https:\/\/eskbilbaolimpiezavial.com\/index.php\/wp-json\/wp\/v2\/pages\/15\/revisions"}],"predecessor-version":[{"id":339,"href":"https:\/\/eskbilbaolimpiezavial.com\/index.php\/wp-json\/wp\/v2\/pages\/15\/revisions\/339"}],"wp:attachment":[{"href":"https:\/\/eskbilbaolimpiezavial.com\/index.php\/wp-json\/wp\/v2\/media?parent=15"}],"curies":[{"name":"wp","href":"https:\/\/api.w.org\/{rel}","templated":true}]}}